{"id":5537,"date":"2022-04-22T09:14:59","date_gmt":"2022-04-22T09:14:59","guid":{"rendered":"http:\/\/proabtennis.com\/prealta-beques-eeuu\/"},"modified":"2022-04-22T13:01:47","modified_gmt":"2022-04-22T13:01:47","slug":"prealta-beques-eeuu","status":"publish","type":"page","link":"https:\/\/proabtennis.com\/ca\/prealta-beques-eeuu\/","title":{"rendered":"PreAlta &amp; Beques EEUU"},"content":{"rendered":"<section class=\"l-section wpb_row height_huge with_img parallax_ver\"><div class=\"l-section-img\" style=\"background-image: url(https:\/\/proabtennis.com\/wp-content\/uploads\/2021\/02\/banner-becas.jpg);background-position: top center;background-repeat: no-repeat;\" data-img-width=\"1500\" data-img-height=\"700\"><\/div><div class=\"l-section-h i-cf\"><div class=\"g-cols vc_row via_flex valign_top type_default stacking_default\"><div class=\"vc_col-sm-12 wpb_column vc_column_container\"><div class=\"vc_column-inner\"><div class=\"wpb_wrapper\"><div class=\"g-cols wpb_row via_flex valign_top type_default stacking_default\"><div class=\"vc_col-sm-2 wpb_column vc_column_container\"><div class=\"vc_column-inner\"><div class=\"wpb_wrapper\"><\/div><\/div><\/div><div class=\"vc_col-sm-6 wpb_column vc_column_container\"><div class=\"vc_column-inner\"><div class=\"wpb_wrapper\">[vc_custom_heading text=&#8221;Entrena\u2019t per obtenir una beca d\u2019estudis als EEUU<br \/>\nO prepara\u2019t per fer el salt a l\u2019Alta Competici\u00f3&#8221; google_fonts=&#8221;font_family:Montserrat%3Aregular%2C700|font_style:700%20bold%20regular%3A700%3Anormal&#8221; css=&#8221;%7B%22default%22%3A%7B%22color%22%3A%22%23ffffff%22%2C%22font-size%22%3A%2240px%22%7D%7D&#8221;]<div class=\"wpb_text_column us_custom_6df4bc3a has_text_color\"><div class=\"wpb_wrapper\"><h5><strong>Si entrenes amb la il.lusi\u00f3 d\u2019aconseguir una beca als EUA, el nostre staff, t\u2019aconsellar\u00e0 i ajudar\u00e0. Som el punt d\u2019uni\u00f3 amb les empreses capdavanteres en gesti\u00f3 de Beques als EEUU. Molts dels nostres jugadors\/es ja ho han aconseguit!<br \/>\n<\/strong><\/h5>\n<h5><strong>I si busques un entrenament intensiu per fer un salt a l\u2019Alta Competici\u00f3, vine a con\u00e8ixer-nos!<\/strong><\/h5>\n<\/div><\/div><\/div><\/div><\/div><div class=\"vc_col-sm-3 wpb_column vc_column_container\"><div class=\"vc_column-inner\"><div class=\"wpb_wrapper\"><\/div><\/div><\/div><\/div><\/div><\/div><\/div><\/div><\/div><\/section><section class=\"l-section wpb_row height_large\"><div class=\"l-section-h i-cf\"><div class=\"g-cols vc_row via_flex valign_top type_default stacking_default\"><div class=\"vc_col-sm-6 wpb_column vc_column_container\"><div class=\"vc_column-inner\"><div class=\"wpb_wrapper\"><div class=\"wpb_text_column\"><div class=\"wpb_wrapper\"><h2 class=\"p1\" style=\"text-align: left;\"><strong>PreAlta Competici\u00f3 i beques als EE.UU.<\/strong><\/h2>\n<p class=\"p1\" style=\"text-align: left;\"><strong>El programa de PRE-ALTA COMPETICI\u00d3, est\u00e0 adre\u00e7at a tots aquells jugadors i jugadores que destaquen en categories juvenils i que es preparen a tots nivells per fer un salt al m\u00f3n de l\u2019Alta Competici\u00f3 i la professionalitat del tennis, o per poder obtenir el m\u00e0xim nivell exigit per aconseguir una beca als EEUU, amb entrenaments intensius.<br \/>\n<\/strong><\/p>\n<\/div><\/div><div class=\"wpb_text_column\"><div class=\"wpb_wrapper\"><ul>\n<li>Entrenaments en horari intensiu (ens adaptem a qualsevol horari escolar) o estudis en plataforma online (molt bona opci\u00f3 per conciliar entrenaments i estudis. Seguiment per part de professors qualificats. Gran \u00e8xit de resultats).<\/li>\n<li class=\"p3\">Pla de treball personalitzat<\/li>\n<li class=\"p3\">Treball a nivell t\u00e8cnic, t\u00e0ctic, f\u00edsic i psicol\u00f2gic en funci\u00f3 de les necessitats de cada jugador.<\/li>\n<li>Seguiment i acompanyament a totes les competicions nacionals (FCT i RFET) i internacionals (Circuit Internacional Juvenil ETA i ITF), de les respectives categories juvenils<\/li>\n<\/ul>\n<\/div><\/div><\/div><\/div><\/div><div class=\"vc_col-sm-6 wpb_column vc_column_container\"><div class=\"vc_column-inner\"><div class=\"wpb_wrapper\"><div role=\"form\" class=\"wpcf7\" id=\"wpcf7-f5585-o1\" lang=\"ca\" dir=\"ltr\">\n<div class=\"screen-reader-response\"><p role=\"status\" aria-live=\"polite\" aria-atomic=\"true\"><\/p> <ul><\/ul><\/div>\n<form action=\"\/ca\/wp-json\/wp\/v2\/pages\/5537#wpcf7-f5585-o1\" method=\"post\" class=\"wpcf7-form init\" novalidate=\"novalidate\" data-status=\"init\">\n<div style=\"display: none;\">\n<input type=\"hidden\" name=\"_wpcf7\" value=\"5585\" \/>\n<input type=\"hidden\" name=\"_wpcf7_version\" value=\"5.4\" \/>\n<input type=\"hidden\" name=\"_wpcf7_locale\" value=\"ca\" \/>\n<input type=\"hidden\" name=\"_wpcf7_unit_tag\" value=\"wpcf7-f5585-o1\" \/>\n<input type=\"hidden\" name=\"_wpcf7_container_post\" value=\"0\" \/>\n<input type=\"hidden\" name=\"_wpcf7_posted_data_hash\" value=\"\" \/>\n<\/div>\n<p><label> El teu nom<br \/>\n    <span class=\"wpcf7-form-control-wrap your-name\"><input type=\"text\" name=\"your-name\" value=\"\" size=\"40\" class=\"wpcf7-form-control wpcf7-text wpcf7-validates-as-required\" aria-required=\"true\" aria-invalid=\"false\" \/><\/span> <\/label><\/p>\n<p><label> El teu correu electr\u00f2nic<br \/>\n    <span class=\"wpcf7-form-control-wrap your-email\"><input type=\"email\" name=\"your-email\" value=\"\" size=\"40\" class=\"wpcf7-form-control wpcf7-text wpcf7-email wpcf7-validates-as-required wpcf7-validates-as-email\" aria-required=\"true\" aria-invalid=\"false\" \/><\/span> <\/label><\/p>\n<p><label> Assumpte<br \/>\n    <span class=\"wpcf7-form-control-wrap your-subject\"><input type=\"text\" name=\"your-subject\" value=\"\" size=\"40\" class=\"wpcf7-form-control wpcf7-text wpcf7-validates-as-required\" aria-required=\"true\" aria-invalid=\"false\" \/><\/span> <\/label><\/p>\n<p><label> El teu missatge (opcional)<br \/>\n    <span class=\"wpcf7-form-control-wrap your-message\"><textarea name=\"your-message\" cols=\"40\" rows=\"10\" class=\"wpcf7-form-control wpcf7-textarea\" aria-invalid=\"false\"><\/textarea><\/span> <\/label><\/p>\n<p><span class=\"wpcf7-form-control-wrap acceptance-619\"><span class=\"wpcf7-form-control wpcf7-acceptance\"><span class=\"wpcf7-list-item\"><input type=\"checkbox\" name=\"acceptance-619\" value=\"1\" aria-invalid=\"false\" \/><\/span><\/span><\/span> He llegit y accepto la <a href=\"http:\/\/proabtennis.com\/politica-de-privacidad\/\">Pol\u00edtica de Privacitat<\/a> <\/p>\n<p><input type=\"submit\" value=\"Enviar\" class=\"wpcf7-form-control wpcf7-submit\" \/><\/p>\n<p style=\"display: none !important;\"><label>&#916;<textarea name=\"_wpcf7_ak_hp_textarea\" cols=\"45\" rows=\"8\" maxlength=\"100\"><\/textarea><\/label><input type=\"hidden\" id=\"ak_js_1\" name=\"_wpcf7_ak_js\" value=\"247\"\/><script>document.getElementById( \"ak_js_1\" ).setAttribute( \"value\", ( new Date() ).getTime() );<\/script><\/p><div class=\"wpcf7-response-output\" aria-hidden=\"true\"><\/div><\/form><\/div><\/div><\/div><\/div><\/div><\/div><\/section>\n","protected":false},"excerpt":{"rendered":"[vc_custom_heading text=\"Entrena\u2019t per obtenir una beca d\u2019estudis als EEUU O prepara\u2019t per fer el salt a l\u2019Alta Competici\u00f3\" google_fonts=\"font_family:Montserrat%3Aregular%2C700|font_style:700%20bold%20regular%3A700%3Anormal\" css=\"%7B%22default%22%3A%7B%22color%22%3A%22%23ffffff%22%2C%22font-size%22%3A%2240px%22%7D%7D\"]Si entrenes amb la il.lusi\u00f3 d\u2019aconseguir una beca als EUA, el nostre staff, t\u2019aconsellar\u00e0 i ajudar\u00e0. Som el punt d\u2019uni\u00f3 amb les empreses capdavanteres en gesti\u00f3 de Beques als EEUU. Molts dels nostres jugadors\/es ja ho...","protected":false},"author":4,"featured_media":0,"parent":0,"menu_order":0,"comment_status":"closed","ping_status":"closed","template":"","meta":[],"acf":[],"_links":{"self":[{"href":"https:\/\/proabtennis.com\/ca\/wp-json\/wp\/v2\/pages\/5537"}],"collection":[{"href":"https:\/\/proabtennis.com\/ca\/wp-json\/wp\/v2\/pages"}],"about":[{"href":"https:\/\/proabtennis.com\/ca\/wp-json\/wp\/v2\/types\/page"}],"author":[{"embeddable":true,"href":"https:\/\/proabtennis.com\/ca\/wp-json\/wp\/v2\/users\/4"}],"replies":[{"embeddable":true,"href":"https:\/\/proabtennis.com\/ca\/wp-json\/wp\/v2\/comments?post=5537"}],"version-history":[{"count":6,"href":"https:\/\/proabtennis.com\/ca\/wp-json\/wp\/v2\/pages\/5537\/revisions"}],"predecessor-version":[{"id":5613,"href":"https:\/\/proabtennis.com\/ca\/wp-json\/wp\/v2\/pages\/5537\/revisions\/5613"}],"wp:attachment":[{"href":"https:\/\/proabtennis.com\/ca\/wp-json\/wp\/v2\/media?parent=5537"}],"curies":[{"name":"wp","href":"https:\/\/api.w.org\/{rel}","templated":true}]}}