{"id":5550,"date":"2022-04-22T09:25:55","date_gmt":"2022-04-22T09:25:55","guid":{"rendered":"http:\/\/proabtennis.com\/escola-de-tennis\/"},"modified":"2022-04-22T17:52:54","modified_gmt":"2022-04-22T17:52:54","slug":"escola-de-tennis","status":"publish","type":"page","link":"https:\/\/proabtennis.com\/ca\/escola-de-tennis\/","title":{"rendered":"Escola de tennis"},"content":{"rendered":"<section class=\"l-section wpb_row height_medium\"><div class=\"l-section-h i-cf\"><div class=\"g-cols vc_row via_flex valign_middle type_default stacking_default\"><div class=\"vc_col-sm-2 wpb_column vc_column_container\"><div class=\"vc_column-inner\"><div class=\"wpb_wrapper\"><\/div><\/div><\/div><div class=\"vc_col-sm-4 wpb_column vc_column_container\"><div class=\"vc_column-inner us_custom_e9000c21\"><div class=\"wpb_wrapper\">[vc_custom_heading text=&#8221;Escola de competici\u00f3&#8221; font_container=&#8221;tag:h3|text_align:center&#8221; google_fonts=&#8221;font_family:Montserrat%3Aregular%2C700|font_style:700%20bold%20regular%3A700%3Anormal&#8221; css=&#8221;%7B%22default%22%3A%7B%22text-align%22%3A%22center%22%7D%7D&#8221;]<div class=\"w-flipbox animation_cardflip direction_w\"><div class=\"w-flipbox-h easing_ease\" style=\"transition-duration:0.5s;\"><div class=\"w-flipbox-hh\"><div class=\"w-flipbox-front us_custom_415e549c\" style=\"color:#1a1a1a;background-image:url(https:\/\/proabtennis.com\/wp-content\/uploads\/2021\/03\/CARLOTETA-TENNIS-PETITA.jpg);\"><div class=\"w-flipbox-front-h\"><\/div><\/div><div class=\"w-flipbox-back us_custom_415e549c\" style=\"display:none;\"><div class=\"w-flipbox-back-h\"><h4 class=\"w-flipbox-back-title\">Escola de competici\u00f3<\/h4><div class=\"w-flipbox-back-desc\"><p>Dirigida a nens i nenes entre 8 i 16 anys que ja tenen una base t\u00e8cnica de tennis, volen millorar-la i competir en tornejos.<\/p>\n<\/div><a title=\"Competici\u00f3\" href=\"https:\/\/proabtennis.com\/ca\/escola-de-tennis\/#competicio\" class=\"w-btn us-btn-style_3\"><span>M\u00e9s informaci\u00f3<\/span><\/a><\/div><\/div><\/div><\/div><\/div><\/div><\/div><\/div><div class=\"vc_col-sm-4 wpb_column vc_column_container\"><div class=\"vc_column-inner us_custom_37bb44d8\"><div class=\"wpb_wrapper\">[vc_custom_heading text=&#8221;Escola d&#8217;iniciaci\u00f3&#8221; font_container=&#8221;tag:h3|text_align:center&#8221; google_fonts=&#8221;font_family:Montserrat%3Aregular%2C700|font_style:700%20bold%20regular%3A700%3Anormal&#8221;]<div class=\"w-flipbox animation_cardflip direction_w\"><div class=\"w-flipbox-h easing_ease\" style=\"transition-duration:0.5s;\"><div class=\"w-flipbox-hh\"><div class=\"w-flipbox-front us_custom_415e549c\" style=\"background-image:url(https:\/\/proabtennis.com\/wp-content\/uploads\/2021\/05\/ALEX-INICIACIO.jpg);\"><div class=\"w-flipbox-front-h\"><\/div><\/div><div class=\"w-flipbox-back us_custom_415e549c\" style=\"display:none;\"><div class=\"w-flipbox-back-h\"><h4 class=\"w-flipbox-back-title\">Escola d&#8217;iniciaci\u00f3<\/h4><div class=\"w-flipbox-back-desc\"><p>Escola dirigida a nens i nenes que volen aprendre, iniciar-se i\/o perfeccionar-se en la pr\u00e0ctica d\u2019aquest magn\u00edfic esport que \u00e9s el tennis<\/p>\n<\/div><a title=\"Iniciaci\u00f3\" href=\"https:\/\/proabtennis.com\/ca\/escola-de-tennis\/#iniciacio\" class=\"w-btn us-btn-style_3\"><span>M\u00e9s informaci\u00f3<\/span><\/a><\/div><\/div><\/div><\/div><\/div><\/div><\/div><\/div><div class=\"vc_col-sm-2 wpb_column vc_column_container\"><div class=\"vc_column-inner\"><div class=\"wpb_wrapper\"><\/div><\/div><\/div><\/div><\/div><\/section><section class=\"l-section wpb_row height_auto\" id=\"competicio\"><div class=\"l-section-overlay\" style=\"background:#f5f5f5\"><\/div><div class=\"l-section-h i-cf\"><div class=\"g-cols vc_row via_flex valign_top type_default stacking_default\"><div class=\"vc_col-sm-12 wpb_column vc_column_container\"><div class=\"vc_column-inner\"><div class=\"wpb_wrapper\"><div class=\"g-cols wpb_row via_flex valign_top type_default stacking_default\"><div class=\"vc_col-sm-2 wpb_column vc_column_container\"><div class=\"vc_column-inner\"><div class=\"wpb_wrapper\"><\/div><\/div><\/div><div class=\"vc_col-sm-8 wpb_column vc_column_container\"><div class=\"vc_column-inner\"><div class=\"wpb_wrapper\"><div class=\"w-separator size_medium\"><\/div><div class=\"w-image align_center\"><div class=\"w-image-h\"><img width=\"234\" height=\"63\" src=\"https:\/\/proabtennis.com\/wp-content\/uploads\/2020\/12\/pista-icono.png\" class=\"attachment-large size-large\" alt=\"\" loading=\"lazy\" \/><\/div><\/div><div class=\"w-separator size_medium\"><\/div><div class=\"wpb_text_column\"><div class=\"wpb_wrapper\"><h2 class=\"p1\" style=\"text-align: center;\">Competici\u00f3 Benjam\u00ed a Junior<\/h2>\n<p style=\"text-align: center;\">Dirigida a nens i nenes entre 8 i 16 a\u00f1os que ja tenen una base t\u00e8cnica de tennis i volen millorar-la i competir en tornejos de manera individual o per equips. Grups redu\u00efts i m\u00e0xima exig\u00e8ncia en els entrenaments.<\/p>\n<\/div><\/div><div class=\"w-btn-wrapper align_center\"><a class=\"w-btn us-btn-style_3\" title=\"CV Arenas\" href=\"https:\/\/proabtennis.com\/ca\/contacte\/\"><span class=\"w-btn-label\">Vine a fer una prova de nivell!<\/span><\/a><\/div><div class=\"w-separator size_medium\"><\/div><\/div><\/div><\/div><div class=\"vc_col-sm-2 wpb_column vc_column_container\"><div class=\"vc_column-inner\"><div class=\"wpb_wrapper\"><\/div><\/div><\/div><\/div><div class=\"g-cols wpb_row via_flex valign_top type_default stacking_default\"><div class=\"vc_col-sm-3 wpb_column vc_column_container\"><div class=\"vc_column-inner\"><div class=\"wpb_wrapper\"><div class=\"w-iconbox iconpos_top style_default color_custom align_center\"><div class=\"w-iconbox-icon\" style=\"font-size:2rem;color:#fcff0a;\"><i class=\"fas fa-tennis-ball\"><\/i><\/div><div class=\"w-iconbox-meta\"><h4 class=\"w-iconbox-title\">Horaris compatibles<\/h4><div class=\"w-iconbox-text\"><p>Els entrenaments s\u00f3n a partir de les 18h (totalment compatibles amb l\u2019horari escolar).<\/p>\n<\/div><\/div><\/div><\/div><\/div><\/div><div class=\"vc_col-sm-3 wpb_column vc_column_container\"><div class=\"vc_column-inner\"><div class=\"wpb_wrapper\"><div class=\"w-iconbox iconpos_top style_default color_custom align_center\"><div class=\"w-iconbox-icon\" style=\"font-size:2rem;color:#fcff0a;\"><i class=\"fas fa-tennis-ball\"><\/i><\/div><div class=\"w-iconbox-meta\"><h4 class=\"w-iconbox-title\">Grups redu\u00efts<\/h4><div class=\"w-iconbox-text\"><p class=\"p1\">Entrenaments en grups redu\u00efts i m\u00e0xima exig\u00e8ncia.<\/p>\n<\/div><\/div><\/div><\/div><\/div><\/div><div class=\"vc_col-sm-3 wpb_column vc_column_container\"><div class=\"vc_column-inner\"><div class=\"wpb_wrapper\"><div class=\"w-iconbox iconpos_top style_default color_custom align_center\"><div class=\"w-iconbox-icon\" style=\"font-size:2rem;color:#fcff0a;\"><i class=\"fas fa-tennis-ball\"><\/i><\/div><div class=\"w-iconbox-meta\"><h4 class=\"w-iconbox-title\">Tornejos de cap de setmana<\/h4><div class=\"w-iconbox-text\"><p>Acompanyament a tornejos de caps de setmana per part del nostre staff.<\/p>\n<\/div><\/div><\/div><\/div><\/div><\/div><div class=\"vc_col-sm-3 wpb_column vc_column_container\"><div class=\"vc_column-inner\"><div class=\"wpb_wrapper\"><div class=\"w-iconbox iconpos_top style_default color_custom align_center\"><div class=\"w-iconbox-icon\" style=\"font-size:2rem;color:#fcff0a;\"><i class=\"fas fa-tennis-ball\"><\/i><\/div><div class=\"w-iconbox-meta\"><h4 class=\"w-iconbox-title\">Assessorament personalitzat<\/h4><div class=\"w-iconbox-text\"><p class=\"p1\">Ajudem a encaminar als nostres jugadors\/es cap al seu futur tenn\u00edstic: buscar el seu m\u00e0xim rendiment, jugadors\/es amb beques EEUU\u2026<\/p>\n<\/div><\/div><\/div><\/div><\/div><\/div><\/div><div class=\"w-separator size_medium\"><\/div><\/div><\/div><\/div><\/div><\/div><\/section><section class=\"l-section wpb_row height_auto\" id=\"iniciacio\"><div class=\"l-section-overlay\" style=\"background:#e8e8e8\"><\/div><div class=\"l-section-h i-cf\"><div class=\"g-cols vc_row via_flex valign_top type_default stacking_default\"><div class=\"vc_col-sm-12 wpb_column vc_column_container\"><div class=\"vc_column-inner\"><div class=\"wpb_wrapper\"><div class=\"g-cols wpb_row via_flex valign_top type_default stacking_default\"><div class=\"vc_col-sm-2 wpb_column vc_column_container\"><div class=\"vc_column-inner\"><div class=\"wpb_wrapper\"><\/div><\/div><\/div><div class=\"vc_col-sm-8 wpb_column vc_column_container\"><div class=\"vc_column-inner\"><div class=\"wpb_wrapper\"><div class=\"w-separator size_medium\"><\/div><div class=\"w-image align_center\"><div class=\"w-image-h\"><img width=\"94\" height=\"65\" src=\"https:\/\/proabtennis.com\/wp-content\/uploads\/2021\/02\/pelota2.png\" class=\"attachment-large size-large\" alt=\"\" loading=\"lazy\" \/><\/div><\/div><div class=\"w-separator size_medium\"><\/div><div class=\"wpb_text_column\"><div class=\"wpb_wrapper\"><h2 class=\"p1\" style=\"text-align: center;\">Mini-tennis \u2013 Iniciaci\u00f3 \u2013 Perfeccionament<\/h2>\n<p style=\"text-align: center;\">Escola dirigida a nens i nenes que volen aprendre, iniciar-se i\/o perfeccionar-se en la pr\u00e0ctica d\u2019aquest magn\u00edfic esport que \u00e9s el tennis Els grups es divideixen per nivells i edats aproximades.<\/p>\n<\/div><\/div><div class=\"w-btn-wrapper align_center\"><a class=\"w-btn us-btn-style_3\" title=\"CV Arenas\" href=\"https:\/\/proabtennis.com\/ca\/contacte\/\"><span class=\"w-btn-label\">Vull m\u00e9s informaci\u00f3<\/span><\/a><\/div><div class=\"w-separator size_medium\"><\/div><\/div><\/div><\/div><div class=\"vc_col-sm-2 wpb_column vc_column_container\"><div class=\"vc_column-inner\"><div class=\"wpb_wrapper\"><\/div><\/div><\/div><\/div><div class=\"g-cols wpb_row via_flex valign_top type_default stacking_default\"><div class=\"vc_col-sm-3 wpb_column vc_column_container\"><div class=\"vc_column-inner\"><div class=\"wpb_wrapper\"><div class=\"w-iconbox iconpos_top style_default color_custom align_center\"><div class=\"w-iconbox-icon\" style=\"font-size:2rem;color:#fcff0a;\"><i class=\"fas fa-tennis-ball\"><\/i><\/div><div class=\"w-iconbox-meta\"><h4 class=\"w-iconbox-title\">Horaris<\/h4><div class=\"w-iconbox-text\"><p>Entrenaments a partir de les 17.45h (totalment compatibles amb l\u2019horari escolar)<\/p>\n<\/div><\/div><\/div><\/div><\/div><\/div><div class=\"vc_col-sm-3 wpb_column vc_column_container\"><div class=\"vc_column-inner\"><div class=\"wpb_wrapper\"><div class=\"w-iconbox iconpos_top style_default color_custom align_center\"><div class=\"w-iconbox-icon\" style=\"font-size:2rem;color:#fcff0a;\"><i class=\"fas fa-tennis-ball\"><\/i><\/div><div class=\"w-iconbox-meta\"><h4 class=\"w-iconbox-title\">Mini-Tennis<\/h4><div class=\"w-iconbox-text\"><p class=\"p1\">Entrenaments en grups per als m\u00e9s petits (entre 4 i 6 anys)<\/p>\n<\/div><\/div><\/div><\/div><\/div><\/div><div class=\"vc_col-sm-3 wpb_column vc_column_container\"><div class=\"vc_column-inner\"><div class=\"wpb_wrapper\"><div class=\"w-iconbox iconpos_top style_default color_custom align_center\"><div class=\"w-iconbox-icon\" style=\"font-size:2rem;color:#fcff0a;\"><i class=\"fas fa-tennis-ball\"><\/i><\/div><div class=\"w-iconbox-meta\"><h4 class=\"w-iconbox-title\">Iniciaci\u00f3<\/h4><div class=\"w-iconbox-text\"><p>Primer contacte amb el tennis. Entrenaments en grups per a nens i nenes que comencen de zero i a partir dels 6-7 anys.<\/p>\n<\/div><\/div><\/div><\/div><\/div><\/div><div class=\"vc_col-sm-3 wpb_column vc_column_container\"><div class=\"vc_column-inner\"><div class=\"wpb_wrapper\"><div class=\"w-iconbox iconpos_top style_default color_custom align_center\"><div class=\"w-iconbox-icon\" style=\"font-size:2rem;color:#fcff0a;\"><i class=\"fas fa-tennis-ball\"><\/i><\/div><div class=\"w-iconbox-meta\"><h4 class=\"w-iconbox-title\">Perfeccionament<\/h4><div class=\"w-iconbox-text\"><p>Entrenaments en grup per a nens i nenes que ja han jugat a tennis anteriorment i busquen perfeccionar-se. Grup previ a pre-competici\u00f3.<\/p>\n<\/div><\/div><\/div><\/div><\/div><\/div><\/div><div class=\"w-separator size_medium\"><\/div><\/div><\/div><\/div><\/div><\/div><\/section>\n","protected":false},"excerpt":{"rendered":"[vc_custom_heading text=\"Escola de competici\u00f3\" font_container=\"tag:h3|text_align:center\" google_fonts=\"font_family:Montserrat%3Aregular%2C700|font_style:700%20bold%20regular%3A700%3Anormal\" css=\"%7B%22default%22%3A%7B%22text-align%22%3A%22center%22%7D%7D\"]Escola de competici\u00f3Dirigida a nens i nenes entre 8 i 16 anys que ja tenen una base t\u00e8cnica de tennis, volen millorar-la i competir en tornejos. M\u00e9s informaci\u00f3[vc_custom_heading text=\"Escola d'iniciaci\u00f3\" font_container=\"tag:h3|text_align:center\" google_fonts=\"font_family:Montserrat%3Aregular%2C700|font_style:700%20bold%20regular%3A700%3Anormal\"]Escola d&#8217;iniciaci\u00f3Escola dirigida a nens i nenes que volen aprendre, iniciar-se i\/o perfeccionar-se en la pr\u00e0ctica d\u2019aquest magn\u00edfic...","protected":false},"author":4,"featured_media":0,"parent":0,"menu_order":0,"comment_status":"closed","ping_status":"closed","template":"","meta":[],"acf":[],"_links":{"self":[{"href":"https:\/\/proabtennis.com\/ca\/wp-json\/wp\/v2\/pages\/5550"}],"collection":[{"href":"https:\/\/proabtennis.com\/ca\/wp-json\/wp\/v2\/pages"}],"about":[{"href":"https:\/\/proabtennis.com\/ca\/wp-json\/wp\/v2\/types\/page"}],"author":[{"embeddable":true,"href":"https:\/\/proabtennis.com\/ca\/wp-json\/wp\/v2\/users\/4"}],"replies":[{"embeddable":true,"href":"https:\/\/proabtennis.com\/ca\/wp-json\/wp\/v2\/comments?post=5550"}],"version-history":[{"count":9,"href":"https:\/\/proabtennis.com\/ca\/wp-json\/wp\/v2\/pages\/5550\/revisions"}],"predecessor-version":[{"id":5682,"href":"https:\/\/proabtennis.com\/ca\/wp-json\/wp\/v2\/pages\/5550\/revisions\/5682"}],"wp:attachment":[{"href":"https:\/\/proabtennis.com\/ca\/wp-json\/wp\/v2\/media?parent=5550"}],"curies":[{"name":"wp","href":"https:\/\/api.w.org\/{rel}","templated":true}]}}