{"id":5555,"date":"2022-04-22T09:38:59","date_gmt":"2022-04-22T09:38:59","guid":{"rendered":"http:\/\/proabtennis.com\/escola-per-adults\/"},"modified":"2025-04-30T21:35:25","modified_gmt":"2025-04-30T21:35:25","slug":"escola-per-adults","status":"publish","type":"page","link":"https:\/\/proabtennis.com\/ca\/escola-per-adults\/","title":{"rendered":"Escola per adults"},"content":{"rendered":"<section class=\"l-section wpb_row height_huge with_img\"><div class=\"l-section-img\" style=\"background-image: url(https:\/\/proabtennis.com\/wp-content\/uploads\/2021\/03\/adultos.jpg);background-repeat: no-repeat;\" data-img-width=\"1500\" data-img-height=\"700\"><\/div><div class=\"l-section-overlay\" style=\"background:rgba(26,26,26,0.45)\"><\/div><div class=\"l-section-h i-cf\"><div class=\"g-cols vc_row via_flex valign_top type_default stacking_default\"><div class=\"vc_col-sm-3 wpb_column vc_column_container\"><div class=\"vc_column-inner\"><div class=\"wpb_wrapper\"><\/div><\/div><\/div><div class=\"vc_col-sm-3 wpb_column vc_column_container\"><div class=\"vc_column-inner\"><div class=\"wpb_wrapper\"><\/div><\/div><\/div><div class=\"vc_col-sm-4 wpb_column vc_column_container\"><div class=\"vc_column-inner\"><div class=\"wpb_wrapper\"><div class=\"w-separator size_medium\"><\/div>[vc_custom_heading text=&#8221;Escola per adults&#8221; google_fonts=&#8221;font_family:Montserrat%3Aregular%2C700|font_style:700%20bold%20regular%3A700%3Anormal&#8221; css=&#8221;%7B%22default%22%3A%7B%22color%22%3A%22%23ffffff%22%2C%22font-size%22%3A%2250px%22%7D%7D&#8221;]<div class=\"wpb_text_column us_custom_6df4bc3a has_text_color\"><div class=\"wpb_wrapper\"><h4 class=\"p1\">PROAB TEAM ofereix classes particulars o en grup d\u2019ensenyan\u00e7a de tennis per adults de totes les edats i nivells<\/h4>\n<\/div><\/div><div class=\"w-btn-wrapper align_none\"><a class=\"w-btn us-btn-style_3\" title=\"Escola de tennis\" href=\"https:\/\/proabtennis.com\/ca\/contacte\/\"><span class=\"w-btn-label\">Informaci\u00f3<\/span><\/a><\/div><\/div><\/div><\/div><\/div><\/div><\/section><section class=\"l-section wpb_row height_auto\"><div class=\"l-section-h i-cf\"><div class=\"g-cols vc_row via_flex valign_top type_default stacking_default\"><div class=\"vc_col-sm-12 wpb_column vc_column_container\"><div class=\"vc_column-inner\"><div class=\"wpb_wrapper\"><div class=\"g-cols wpb_row via_flex valign_top type_default stacking_default\"><div class=\"vc_col-sm-2 wpb_column vc_column_container\"><div class=\"vc_column-inner\"><div class=\"wpb_wrapper\"><\/div><\/div><\/div><div class=\"vc_col-sm-8 wpb_column vc_column_container\"><div class=\"vc_column-inner\"><div class=\"wpb_wrapper\"><div class=\"w-separator size_medium\"><\/div><div class=\"w-image align_center\"><div class=\"w-image-h\"><img width=\"94\" height=\"65\" src=\"https:\/\/proabtennis.com\/wp-content\/uploads\/2021\/02\/pelota3.png\" class=\"attachment-large size-large\" alt=\"\" loading=\"lazy\" \/><\/div><\/div><div class=\"wpb_text_column\"><div class=\"wpb_wrapper\"><h2 style=\"text-align: center;\"><strong>Classes particulars o en grup<\/strong><\/h2>\n<h4 style=\"text-align: center;\">Juga a tennis quan m\u00e9s et convingui: mat\u00ed, migdia o tarda-nit. Tenim infinitat de combinacions!<\/h4>\n<\/div><\/div><div class=\"w-btn-wrapper align_center\"><a class=\"w-btn us-btn-style_3\" title=\"CV Arenas\" href=\"https:\/\/proabtennis.com\/ca\/contacte\/\"><span class=\"w-btn-label\">Tens cap dubte? Contacta\u2019ns<\/span><\/a><\/div><div class=\"w-separator size_medium\"><\/div><\/div><\/div><\/div><div class=\"vc_col-sm-2 wpb_column vc_column_container\"><div class=\"vc_column-inner\"><div class=\"wpb_wrapper\"><\/div><\/div><\/div><\/div><\/div><\/div><\/div><\/div><\/div><\/section><section class=\"l-section wpb_row height_large\"><div class=\"l-section-overlay\" style=\"background:#f5f5f5\"><\/div><div class=\"l-section-h i-cf\"><div class=\"g-cols vc_row via_flex valign_top type_default stacking_default\"><div class=\"vc_col-sm-12 wpb_column vc_column_container\"><div class=\"vc_column-inner\"><div class=\"wpb_wrapper\">[vc_custom_heading text=&#8221;Clasaes particulares&#8221; font_container=&#8221;tag:h4|text_align:center&#8221; google_fonts=&#8221;font_family:Montserrat%3Aregular%2C700|font_style:700%20bold%20regular%3A700%3Anormal&#8221; css=&#8221;%7B%22default%22%3A%7B%22font-size%22%3A%2230px%22%7D%7D&#8221;]<div class=\"g-cols wpb_row via_flex valign_top type_default stacking_default\"><div class=\"vc_col-sm-12 wpb_column vc_column_container\"><div class=\"vc_column-inner\"><div class=\"wpb_wrapper\"><div class=\"w-pricing style_cards items_2\"><div class=\"w-pricing-item type_default\"><div class=\"w-pricing-item-h\"><div class=\"w-pricing-item-header\"><div class=\"w-pricing-item-title\">Particular Soci Club<\/div><div class=\"w-pricing-item-price\">30\u20ac <small>cada classe<\/small><\/div><\/div><ul class=\"w-pricing-item-features\"><li class=\"w-pricing-item-feature\">De Dilluns a Divendres<\/li><li class=\"w-pricing-item-feature\">Matins de 9h a 13h<\/li><li class=\"w-pricing-item-feature\">Migdia de 13.30h a 16h<\/li><li class=\"w-pricing-item-feature\">Tarda de 19.00h a 22h.<\/li><li class=\"w-pricing-item-feature\">Horaris a convenir<\/li><li class=\"w-pricing-item-feature\">IVA no incl\u00f2s<\/li><\/ul><div class=\"w-pricing-item-footer\"><a class=\"w-btn us-btn-style_3\" style=\"font-size:15px\" title=\"Contacto\" href=\"http:\/\/proabtennis.com\/contacto\/\"><span class=\"w-btn-label\">Contacta<\/span><\/a><\/div><\/div><\/div><div class=\"w-pricing-item type_default\"><div class=\"w-pricing-item-h\"><div class=\"w-pricing-item-header\"><div class=\"w-pricing-item-title\">Particular No Soci Club<\/div><div class=\"w-pricing-item-price\">40\u20ac<small>cada classe<\/small><\/div><\/div><ul class=\"w-pricing-item-features\"><li class=\"w-pricing-item-feature\">De Dilluns a Divendres<\/li><li class=\"w-pricing-item-feature\">Matins de 9h a 13h<\/li><li class=\"w-pricing-item-feature\">Migdia de 13h a 16h<\/li><li class=\"w-pricing-item-feature\">Tarda de 19.00h a 22h.<\/li><li class=\"w-pricing-item-feature\">Horaris a convenir<\/li><li class=\"w-pricing-item-feature\">IVA no incl\u00f2s<\/li><\/ul><div class=\"w-pricing-item-footer\"><a class=\"w-btn us-btn-style_3\" style=\"font-size:15px\" title=\"Contacto\" href=\"http:\/\/proabtennis.com\/contacto\/\"><span class=\"w-btn-label\">Contacta<\/span><\/a><\/div><\/div><\/div><\/div><\/div><\/div><\/div><\/div><div class=\"w-separator size_small\"><\/div><div class=\"wpb_text_column us_custom_80a192e9\"><div class=\"wpb_wrapper\"><p>Els pagaments s\u00f3n mensuals, a principis de mes i per domiciliaci\u00f3 banc\u00e0ria.<\/p>\n<\/div><\/div><\/div><\/div><\/div><\/div><\/div><\/section><section class=\"l-section wpb_row height_large\"><div class=\"l-section-h i-cf\"><div class=\"g-cols vc_row via_flex valign_top type_default stacking_default\"><div class=\"vc_col-sm-12 wpb_column vc_column_container\"><div class=\"vc_column-inner\"><div class=\"wpb_wrapper\">[vc_custom_heading text=&#8221;Classes en grup per Socis&#8221; font_container=&#8221;tag:h4|text_align:center&#8221; google_fonts=&#8221;font_family:Montserrat%3Aregular%2C700|font_style:700%20bold%20regular%3A700%3Anormal&#8221; css=&#8221;%7B%22default%22%3A%7B%22font-size%22%3A%2230px%22%7D%7D&#8221;]<div class=\"g-cols wpb_row via_flex valign_top type_default stacking_default\"><div class=\"vc_col-sm-12 wpb_column vc_column_container\"><div class=\"vc_column-inner\"><div class=\"wpb_wrapper\"><div class=\"w-pricing style_cards items_2\"><div class=\"w-pricing-item type_default\"><div class=\"w-pricing-item-h\"><div class=\"w-pricing-item-header\"><div class=\"w-pricing-item-title\">2 persones<\/div><div class=\"w-pricing-item-price\">Des de 85\u20ac<small>Preu per persona<\/small><\/div><\/div><ul class=\"w-pricing-item-features\"><li class=\"w-pricing-item-feature\">1 classe a la setmana<\/li><li class=\"w-pricing-item-feature\">De Dilluns a Divendres<\/li><li class=\"w-pricing-item-feature\">Mat\u00ed de 13h a 16h<\/li><li class=\"w-pricing-item-feature\">Tardes de 19:30 a 22h<\/li><li class=\"w-pricing-item-feature\">IVA no incl\u00f2s<\/li><\/ul><div class=\"w-pricing-item-footer\"><a class=\"w-btn us-btn-style_3\" style=\"font-size:15px\" title=\"Contacto\" href=\"http:\/\/proabtennis.com\/contacto\/\"><span class=\"w-btn-label\">Contacta<\/span><\/a><\/div><\/div><\/div><div class=\"w-pricing-item type_default\"><div class=\"w-pricing-item-h\"><div class=\"w-pricing-item-header\"><div class=\"w-pricing-item-title\">3\/4 persones<\/div><div class=\"w-pricing-item-price\">Des de 70\u20ac <small>Preu per persona <\/small><\/div><\/div><ul class=\"w-pricing-item-features\"><li class=\"w-pricing-item-feature\">1 classe a la setmana<\/li><li class=\"w-pricing-item-feature\">De Dilluns a Divendres<\/li><li class=\"w-pricing-item-feature\">Mat\u00ed de 13h a 16h<\/li><li class=\"w-pricing-item-feature\">Tardes de 19:30 a 22h<\/li><li class=\"w-pricing-item-feature\">IVA no incl\u00f2s<\/li><\/ul><div class=\"w-pricing-item-footer\"><a class=\"w-btn us-btn-style_3\" style=\"font-size:15px\" title=\"Contacto\" href=\"http:\/\/proabtennis.com\/contacto\/\"><span class=\"w-btn-label\">Contacta<\/span><\/a><\/div><\/div><\/div><\/div><\/div><\/div><\/div><\/div><div class=\"w-separator size_small\"><\/div><div class=\"wpb_text_column us_custom_80a192e9\"><div class=\"wpb_wrapper\"><p>Els pagaments s\u00f3n mensuals, a principis de mes i per domiciliaci\u00f3 banc\u00e0ria.<\/p>\n<\/div><\/div><\/div><\/div><\/div><\/div><\/div><\/section><section class=\"l-section wpb_row height_medium\"><div class=\"l-section-overlay\" style=\"background:#e8e8e8\"><\/div><div class=\"l-section-h i-cf\"><div class=\"g-cols vc_row via_flex valign_top type_default stacking_default\"><div class=\"vc_col-sm-12 wpb_column vc_column_container\"><div class=\"vc_column-inner\"><div class=\"wpb_wrapper\">[vc_custom_heading text=&#8221;Classes en grup per a No Socis&#8221; font_container=&#8221;tag:h4|text_align:center&#8221; google_fonts=&#8221;font_family:Montserrat%3Aregular%2C700|font_style:700%20bold%20regular%3A700%3Anormal&#8221; css=&#8221;%7B%22default%22%3A%7B%22font-size%22%3A%2230px%22%7D%7D&#8221;]<div class=\"g-cols wpb_row via_flex valign_top type_default stacking_default\"><div class=\"vc_col-sm-12 wpb_column vc_column_container\"><div class=\"vc_column-inner\"><div class=\"wpb_wrapper\"><div class=\"w-pricing style_cards items_2\"><div class=\"w-pricing-item type_default\"><div class=\"w-pricing-item-h\"><div class=\"w-pricing-item-header\"><div class=\"w-pricing-item-title\">2 persones<\/div><div class=\"w-pricing-item-price\">Des de 105\u20ac<small>Preu per persona<\/small><\/div><\/div><ul class=\"w-pricing-item-features\"><li class=\"w-pricing-item-feature\">1 classe a la setmana<\/li><li class=\"w-pricing-item-feature\">De Dilluns a Divendres<\/li><li class=\"w-pricing-item-feature\">Mat\u00ed de 13h a 16h<\/li><li class=\"w-pricing-item-feature\">Tardes de 19:30 a 22h<\/li><li class=\"w-pricing-item-feature\">IVA no incl\u00f2s<\/li><\/ul><div class=\"w-pricing-item-footer\"><a class=\"w-btn us-btn-style_3\" style=\"font-size:15px\" title=\"Contacto\" href=\"http:\/\/proabtennis.com\/contacto\/\"><span class=\"w-btn-label\">Contacta<\/span><\/a><\/div><\/div><\/div><div class=\"w-pricing-item type_default\"><div class=\"w-pricing-item-h\"><div class=\"w-pricing-item-header\"><div class=\"w-pricing-item-title\">3\/4 persones<\/div><div class=\"w-pricing-item-price\">Des de 83\u20ac <small>Preu per persona <\/small><\/div><\/div><ul class=\"w-pricing-item-features\"><li class=\"w-pricing-item-feature\">1 classe a la setmana<\/li><li class=\"w-pricing-item-feature\">De Dilluns a Divendres<\/li><li class=\"w-pricing-item-feature\">Mat\u00ed de 13h a 16h<\/li><li class=\"w-pricing-item-feature\">Tardes de 19h a 22h<\/li><li class=\"w-pricing-item-feature\">IVA no incl\u00f2s<\/li><\/ul><div class=\"w-pricing-item-footer\"><a class=\"w-btn us-btn-style_3\" style=\"font-size:15px\" title=\"Contacto\" href=\"http:\/\/proabtennis.com\/contacto\/\"><span class=\"w-btn-label\">Contacta<\/span><\/a><\/div><\/div><\/div><\/div><\/div><\/div><\/div><\/div><div class=\"w-separator size_small\"><\/div><div class=\"wpb_text_column us_custom_80a192e9\"><div class=\"wpb_wrapper\"><p>Els pagaments s\u00f3n mensuals, a principis de mes i per domiciliaci\u00f3 banc\u00e0ria.<\/p>\n<\/div><\/div><\/div><\/div><\/div><\/div><\/div><\/section>\n","protected":false},"excerpt":{"rendered":"[vc_custom_heading text=\"Escola per adults\" google_fonts=\"font_family:Montserrat%3Aregular%2C700|font_style:700%20bold%20regular%3A700%3Anormal\" css=\"%7B%22default%22%3A%7B%22color%22%3A%22%23ffffff%22%2C%22font-size%22%3A%2250px%22%7D%7D\"]PROAB TEAM ofereix classes particulars o en grup d\u2019ensenyan\u00e7a de tennis per adults de totes les edats i nivells Informaci\u00f3Classes particulars o en grup Juga a tennis quan m\u00e9s et convingui: mat\u00ed, migdia o tarda-nit. Tenim infinitat de combinacions! Tens cap dubte? Contacta\u2019ns[vc_custom_heading text=\"Clasaes particulares\" font_container=\"tag:h4|text_align:center\" google_fonts=\"font_family:Montserrat%3Aregular%2C700|font_style:700%20bold%20regular%3A700%3Anormal\" css=\"%7B%22default%22%3A%7B%22font-size%22%3A%2230px%22%7D%7D\"]Particular Soci Club30\u20ac...","protected":false},"author":4,"featured_media":0,"parent":0,"menu_order":0,"comment_status":"closed","ping_status":"closed","template":"","meta":[],"acf":[],"_links":{"self":[{"href":"https:\/\/proabtennis.com\/ca\/wp-json\/wp\/v2\/pages\/5555"}],"collection":[{"href":"https:\/\/proabtennis.com\/ca\/wp-json\/wp\/v2\/pages"}],"about":[{"href":"https:\/\/proabtennis.com\/ca\/wp-json\/wp\/v2\/types\/page"}],"author":[{"embeddable":true,"href":"https:\/\/proabtennis.com\/ca\/wp-json\/wp\/v2\/users\/4"}],"replies":[{"embeddable":true,"href":"https:\/\/proabtennis.com\/ca\/wp-json\/wp\/v2\/comments?post=5555"}],"version-history":[{"count":10,"href":"https:\/\/proabtennis.com\/ca\/wp-json\/wp\/v2\/pages\/5555\/revisions"}],"predecessor-version":[{"id":20244,"href":"https:\/\/proabtennis.com\/ca\/wp-json\/wp\/v2\/pages\/5555\/revisions\/20244"}],"wp:attachment":[{"href":"https:\/\/proabtennis.com\/ca\/wp-json\/wp\/v2\/media?parent=5555"}],"curies":[{"name":"wp","href":"https:\/\/api.w.org\/{rel}","templated":true}]}}