{"id":5560,"date":"2022-04-22T09:49:36","date_gmt":"2022-04-22T09:49:36","guid":{"rendered":"http:\/\/proabtennis.com\/stage\/"},"modified":"2022-04-22T17:54:31","modified_gmt":"2022-04-22T17:54:31","slug":"stage","status":"publish","type":"page","link":"https:\/\/proabtennis.com\/ca\/stage\/","title":{"rendered":"Stage"},"content":{"rendered":"<section class=\"l-section wpb_row height_huge with_img\"><div class=\"l-section-img\" style=\"background-image: url(https:\/\/proabtennis.com\/wp-content\/uploads\/2021\/03\/polmartistage.jpg);background-repeat: no-repeat;\" data-img-width=\"1500\" data-img-height=\"700\"><\/div><div class=\"l-section-overlay\" style=\"background:rgba(26,26,26,0.63)\"><\/div><div class=\"l-section-h i-cf\"><div class=\"g-cols vc_row via_flex valign_bottom type_default stacking_default\"><div class=\"vc_col-sm-6 wpb_column vc_column_container\"><div class=\"vc_column-inner\"><div class=\"wpb_wrapper\"><div class=\"w-separator size_huge\"><\/div>[vc_custom_heading text=&#8221;Vivint al m\u00e0xim el tennis!&#8221; google_fonts=&#8221;font_family:Montserrat%3Aregular%2C700|font_style:700%20bold%20regular%3A700%3Anormal&#8221; css=&#8221;%7B%22default%22%3A%7B%22color%22%3A%22%23ffffff%22%2C%22font-size%22%3A%2250px%22%7D%7D&#8221;]<div class=\"wpb_text_column us_custom_6df4bc3a has_text_color\"><div class=\"wpb_wrapper\"><h4 class=\"p1\">PROAB TEAM, organitza stage intensius tot l\u2019any per a tennistes nacionals i internacionals, i tamb\u00e9 a l\u2019estiu<\/h4>\n<\/div><\/div><div class=\"w-separator size_medium\"><\/div><\/div><\/div><\/div><div class=\"vc_col-sm-6 wpb_column vc_column_container\"><div class=\"vc_column-inner\"><div class=\"wpb_wrapper\"><\/div><\/div><\/div><\/div><\/div><\/section><section class=\"l-section wpb_row height_huge\"><div class=\"l-section-h i-cf\"><div class=\"g-cols vc_row via_flex valign_top type_default stacking_default\"><div class=\"vc_col-sm-12 wpb_column vc_column_container\"><div class=\"vc_column-inner\"><div class=\"wpb_wrapper\"><div class=\"w-tabs layout_hor style_default switch_click has_scrolling\" style=\"--sections-title-size:1em\"><div class=\"w-tabs-list items_2 align_justify\"><div class=\"w-tabs-list-h\"><a class=\"w-tabs-item active\" aria-controls=\"content-vce7\" href=\"javascript:void(0);\"><span class=\"w-tabs-item-title\">STAGE SETMANAL\/MENSUAL<\/span><\/a><a class=\"w-tabs-item\" aria-controls=\"content-zafe\" href=\"javascript:void(0);\"><span class=\"w-tabs-item-title\">STAGE ESTIU<\/span><\/a><\/div><\/div><div class=\"w-tabs-sections titles-align_none icon_chevron cpos_right\"><div class=\"w-tabs-section no_indents active\" id=\"1616697636632-4c54af31-91be\"><button aria-controls=\"content-1616697636632-4c54af31-91be\" class=\"w-tabs-section-header active\"><div class=\"w-tabs-section-title\">STAGE SETMANAL\/MENSUAL<\/div><div class=\"w-tabs-section-control\"><\/div><\/button><div  class=\"w-tabs-section-content\" id=\"content-1616697636632-4c54af31-91be\" aria-expanded=\"true\"><div class=\"w-tabs-section-content-h i-cf\"><div class=\"g-cols wpb_row via_flex valign_top type_default stacking_default\"><div class=\"vc_col-sm-6 wpb_column vc_column_container\"><div class=\"vc_column-inner\"><div class=\"wpb_wrapper\"><div class=\"w-separator size_medium\"><\/div><div class=\"w-image align_center\"><div class=\"w-image-h\"><img width=\"686\" height=\"738\" src=\"https:\/\/proabtennis.com\/wp-content\/uploads\/2021\/03\/CARLOTA-BLANC-I-NEGRE.jpg\" class=\"attachment-large size-large\" alt=\"\" loading=\"lazy\" srcset=\"https:\/\/proabtennis.com\/wp-content\/uploads\/2021\/03\/CARLOTA-BLANC-I-NEGRE.jpg 686w, https:\/\/proabtennis.com\/wp-content\/uploads\/2021\/03\/CARLOTA-BLANC-I-NEGRE-279x300.jpg 279w\" sizes=\"(max-width: 686px) 100vw, 686px\" \/><\/div><\/div><\/div><\/div><\/div><div class=\"vc_col-sm-6 wpb_column vc_column_container\"><div class=\"vc_column-inner\"><div class=\"wpb_wrapper\"><div class=\"w-separator size_medium\"><\/div><div class=\"wpb_text_column\"><div class=\"wpb_wrapper\"><h2 class=\"p1\" style=\"text-align: left;\">A qualsevol \u00e8poca de l\u2019any<\/h2>\n<p class=\"p1\" style=\"text-align: left;\">PRO-AB, acull a jugadors\/es nacionals i internacionals que vulguin entrenar amb nosaltres i aix\u00ed aprendre la nostra metodologia d\u2019ensenyament, amb jugadors i jugadores d\u2019alta competici\u00f3 i\/o professionals. Entrenaments totalment personalitzats tant de preparaci\u00f3 f\u00edsica com de tennis, en un club amb excel.lents instal.lacions i al centre de la Ciutat de Barcelona. L\u2019stage pot ser des de 1 setmana fins a tot l\u2019any!<\/p>\n<p class=\"p1\" style=\"text-align: left;\">An\u00edma\u2019t a entrenar amb nosaltres!!<\/p>\n<\/div><\/div><div class=\"w-btn-wrapper align_none\"><a class=\"w-btn us-btn-style_3\" title=\"Contacte\" href=\"https:\/\/proabtennis.com\/ca\/contacte\/\"><span class=\"w-btn-label\">Vull m\u00e9s informaci\u00f3<\/span><\/a><\/div><div class=\"w-separator size_medium\"><\/div><\/div><\/div><\/div><\/div><div class=\"w-separator size_medium\"><\/div><div class=\"g-cols wpb_row via_flex valign_top type_default stacking_default\"><div class=\"vc_col-sm-6 wpb_column vc_column_container\"><div class=\"vc_column-inner\"><div class=\"wpb_wrapper\"><div class=\"w-separator size_medium\"><\/div><div class=\"wpb_text_column\"><div class=\"wpb_wrapper\"><h2 class=\"p1\" style=\"text-align: left;\">Avantatges<\/h2>\n<ul class=\"ul1\">\n<li class=\"li1\"><b>Professionalitat:<\/b>Depenent del nivell de tennis, poden entrenar amb jugadors\/es professionals o semi-professionals que estiguin entrenant actualment amb nosaltres.<\/li>\n<li class=\"li1\"><b>Instal\u00b7lacions: <\/b>Magn\u00edfiques instal.lacions a Barcelona capital.<\/li>\n<li class=\"li1\"><b>Staff: <\/b>Excel.lent equip de professionals amb \u00e0mplia experi\u00e8ncia en el tennis de competici\u00f3.<\/li>\n<li class=\"li1\"><b>Tornejos: <\/b>Assist\u00e8ncia a tots els tornejos juvenils, nacionals i internacionals: ATP, WTA i ITF (stage m\u00ednim de 3 mesos)<\/li>\n<li class=\"li1\"><b>Estudis: <\/b>Convenis amb reconeguts centres de doc\u00e8ncia, especialitzats en la formaci\u00f3 acad\u00e8mica d\u2019esportistes de competici\u00f3. Poden ser o b\u00e9 escola presencial o b\u00e9, plataforma on-line (seguiment de professors qualificats). (Stage m\u00ednim d\u20191 any).<\/li>\n<\/ul>\n<p class=\"p1\"><b>Els avantatges van en relaci\u00f3 amb el per\u00edode d\u2019estada amb nosaltres<\/b><\/p>\n<p class=\"p1\"><i>Per a m\u00e9s informaci\u00f3<\/i><a href=\"mailto:info@proabtennis.com\"><span class=\"s1\"><i>info@proabtennis.com<\/i><\/span><\/a><i>o trucant al 616 953 355<br \/>\n<\/i><\/p>\n<\/div><\/div><div class=\"w-separator size_medium\"><\/div><\/div><\/div><\/div><div class=\"vc_col-sm-6 wpb_column vc_column_container\"><div class=\"vc_column-inner\"><div class=\"wpb_wrapper\"><div class=\"w-image align_none\"><div class=\"w-image-h\"><img width=\"800\" height=\"1000\" src=\"https:\/\/proabtennis.com\/wp-content\/uploads\/2020\/12\/quienes-somos-proab.jpg\" class=\"attachment-large size-large\" alt=\"\" loading=\"lazy\" srcset=\"https:\/\/proabtennis.com\/wp-content\/uploads\/2020\/12\/quienes-somos-proab.jpg 800w, https:\/\/proabtennis.com\/wp-content\/uploads\/2020\/12\/quienes-somos-proab-240x300.jpg 240w\" sizes=\"(max-width: 800px) 100vw, 800px\" \/><\/div><\/div><\/div><\/div><\/div><\/div><\/div><\/div><\/div><div class=\"w-tabs-section no_indents\" id=\"1616697636696-5d769bb3-c9f2\"><button aria-controls=\"content-1616697636696-5d769bb3-c9f2\" class=\"w-tabs-section-header\"><div class=\"w-tabs-section-title\">STAGE ESTIU<\/div><div class=\"w-tabs-section-control\"><\/div><\/button><div  class=\"w-tabs-section-content\" id=\"content-1616697636696-5d769bb3-c9f2\" aria-expanded=\"false\"><div class=\"w-tabs-section-content-h i-cf\"><div class=\"g-cols wpb_row via_flex valign_top type_default stacking_default\"><div class=\"vc_col-sm-6 wpb_column vc_column_container\"><div class=\"vc_column-inner\"><div class=\"wpb_wrapper\"><div class=\"w-separator size_small\"><\/div><div class=\"wpb_text_column\"><div class=\"wpb_wrapper\"><p class=\"p1\"><strong>L\u2019Acad\u00e8mia de Tennis PRO-AB TEAM organitza cada estiu un stage de tennis, perqu\u00e8 tots els joves tennistes, un cop acabat el curs escolar, passin un fant\u00e0stic estiu VIVINT AL M\u00c0XIM EL TENNIS! Des de finals de juny fins setembre<br \/>\n<\/strong><\/p>\n<\/div><\/div><\/div><\/div><\/div><div class=\"vc_col-sm-3 wpb_column vc_column_container\"><div class=\"vc_column-inner\"><div class=\"wpb_wrapper\"><\/div><\/div><\/div><\/div><div class=\"g-cols wpb_row via_flex valign_top type_default stacking_default\"><div class=\"vc_col-sm-6 wpb_column vc_column_container\"><div class=\"vc_column-inner\"><div class=\"wpb_wrapper\"><div class=\"w-separator size_medium\"><\/div><div class=\"wpb_text_column\"><div class=\"wpb_wrapper\"><h2 class=\"p1\" style=\"text-align: left;\">Objectius<\/h2>\n<ul>\n<li>Millora del nivell t\u00e8cnic de cada jugador o jugadora, juntament amb la participaci\u00f3 (optativa) a nombroses competicions.<\/li>\n<li>Plans de treball personalitzats i grups redu\u00efts.<\/li>\n<li>Metodologia d\u2019ensenyament propi que ens permet aconseguir excel.lents resultats esportius, juntament amb un equip t\u00e8cnic amb \u00e0mplia formaci\u00f3.<\/li>\n<li>Possibilitat, depenent del nivell, d\u2019entrenar amb els nostres jugadors\/es professionals o semi-professionals.<\/li>\n<li>Excel.lent grup hum\u00e0 d\u2019esportistes.<\/li>\n<\/ul>\n<p class=\"p1\"><i>Les inscripcions a l\u2019Stage d\u2019estiu pot ser per setmanes o per mesos de juny a setembre T\u2019animem a jugar al m\u00e0xim a Tennis durant les teves vacances d\u2019estiu! Places limitades!<\/i><\/p>\n<\/div><\/div><div class=\"w-separator size_medium\"><\/div><\/div><\/div><\/div><div class=\"vc_col-sm-6 wpb_column vc_column_container\"><div class=\"vc_column-inner\"><div class=\"wpb_wrapper\"><div class=\"w-separator size_medium\"><\/div><div class=\"w-image align_none\"><div class=\"w-image-h\"><img width=\"1024\" height=\"576\" src=\"https:\/\/proabtennis.com\/wp-content\/uploads\/2021\/03\/POLMARTIN1-1024x576.jpg\" class=\"attachment-large size-large\" alt=\"\" loading=\"lazy\" srcset=\"https:\/\/proabtennis.com\/wp-content\/uploads\/2021\/03\/POLMARTIN1-1024x576.jpg 1024w, https:\/\/proabtennis.com\/wp-content\/uploads\/2021\/03\/POLMARTIN1-300x169.jpg 300w, https:\/\/proabtennis.com\/wp-content\/uploads\/2021\/03\/POLMARTIN1.jpg 1280w\" sizes=\"(max-width: 1024px) 100vw, 1024px\" \/><\/div><\/div><\/div><\/div><\/div><\/div><div class=\"w-separator size_medium\"><\/div><div class=\"g-cols wpb_row via_flex valign_top type_default stacking_default\"><div class=\"vc_col-sm-6 wpb_column vc_column_container\"><div class=\"vc_column-inner\"><div class=\"wpb_wrapper\"><div class=\"w-separator size_medium\"><\/div><div class=\"w-image align_none\"><div class=\"w-image-h\"><img width=\"1024\" height=\"576\" src=\"https:\/\/proabtennis.com\/wp-content\/uploads\/2021\/05\/PEDRO-GODO-1024x576.jpg\" class=\"attachment-large size-large\" alt=\"\" loading=\"lazy\" srcset=\"https:\/\/proabtennis.com\/wp-content\/uploads\/2021\/05\/PEDRO-GODO-1024x576.jpg 1024w, https:\/\/proabtennis.com\/wp-content\/uploads\/2021\/05\/PEDRO-GODO-300x169.jpg 300w, https:\/\/proabtennis.com\/wp-content\/uploads\/2021\/05\/PEDRO-GODO.jpg 1280w\" sizes=\"(max-width: 1024px) 100vw, 1024px\" \/><\/div><\/div><\/div><\/div><\/div><div class=\"vc_col-sm-6 wpb_column vc_column_container\"><div class=\"vc_column-inner\"><div class=\"wpb_wrapper\"><div class=\"w-separator size_medium\"><\/div><div class=\"wpb_text_column\"><div class=\"wpb_wrapper\"><h2 class=\"p1\" style=\"text-align: left;\">Programa<\/h2>\n<ul class=\"ul1\">\n<li class=\"li1\"><span class=\"s2\"><b>Mesos<\/b><\/span>: \u00daltima setmana de Juny, tot el mes de Juliol,<span class=\"s3\"> Agost i primera quinzena de setembre.<\/span><\/li>\n<li class=\"li1\">Programa d\u2019entrenaments intensius en horari de mat\u00ed i\/o tarda.<\/li>\n<li>Opci\u00f3 de fer nom\u00e9s entrenament de tennis i\/o competici\u00f3 setmanal.<\/li>\n<li class=\"li1\">Acompanyament i seguiment per part del nostre equip t\u00e8cnic, a totes les competicions que es juguen a Barcelona i rodalies durant l\u2019stage, que inclou Campionats Absoluts i Juvenils.<\/li>\n<li>Entrenaments amb el nostre excel.lent staff t\u00e8cnic.<\/li>\n<li class=\"li1\">Els alumnes de l\u2019Stage entrenaran amb els jugadors\/es dels diferents grups de competici\u00f3 de la nostre Acad\u00e8mia.<\/li>\n<li class=\"li1\">Allotjament en resid\u00e8ncia amb tots els serveis inclosos (esmorzar, dinar, sopar, habitaci\u00f3,..). Tamb\u00e9 possibilitat d\u2019estar en fam\u00edlies.<\/li>\n<\/ul>\n<p class=\"p2\">Tot aix\u00f2 en unes magn\u00edfiques instal.lacions esportives, amb equipaments i serveis de primera qualitat.<\/p>\n<\/div><\/div><div class=\"w-btn-wrapper align_none\"><a class=\"w-btn us-btn-style_3\" title=\"Contacte\" href=\"https:\/\/proabtennis.com\/ca\/contacte\/\"><span class=\"w-btn-label\">Vull m\u00e9s informaci\u00f3<\/span><\/a><\/div><div class=\"w-separator size_medium\"><\/div><\/div><\/div><\/div><\/div><\/div><\/div><\/div><\/div><\/div><\/div><\/div><\/div><\/div><\/div><\/section>\n","protected":false},"excerpt":{"rendered":"[vc_custom_heading text=\"Vivint al m\u00e0xim el tennis!\" google_fonts=\"font_family:Montserrat%3Aregular%2C700|font_style:700%20bold%20regular%3A700%3Anormal\" css=\"%7B%22default%22%3A%7B%22color%22%3A%22%23ffffff%22%2C%22font-size%22%3A%2250px%22%7D%7D\"]PROAB TEAM, organitza stage intensius tot l\u2019any per a tennistes nacionals i internacionals, i tamb\u00e9 a l\u2019estiu STAGE SETMANAL\/MENSUALSTAGE ESTIUSTAGE SETMANAL\/MENSUALA qualsevol \u00e8poca de l\u2019any PRO-AB, acull a jugadors\/es nacionals i internacionals que vulguin entrenar amb nosaltres i aix\u00ed aprendre la nostra metodologia d\u2019ensenyament, amb jugadors i jugadores...","protected":false},"author":4,"featured_media":0,"parent":0,"menu_order":0,"comment_status":"closed","ping_status":"closed","template":"","meta":[],"acf":[],"_links":{"self":[{"href":"https:\/\/proabtennis.com\/ca\/wp-json\/wp\/v2\/pages\/5560"}],"collection":[{"href":"https:\/\/proabtennis.com\/ca\/wp-json\/wp\/v2\/pages"}],"about":[{"href":"https:\/\/proabtennis.com\/ca\/wp-json\/wp\/v2\/types\/page"}],"author":[{"embeddable":true,"href":"https:\/\/proabtennis.com\/ca\/wp-json\/wp\/v2\/users\/4"}],"replies":[{"embeddable":true,"href":"https:\/\/proabtennis.com\/ca\/wp-json\/wp\/v2\/comments?post=5560"}],"version-history":[{"count":5,"href":"https:\/\/proabtennis.com\/ca\/wp-json\/wp\/v2\/pages\/5560\/revisions"}],"predecessor-version":[{"id":5684,"href":"https:\/\/proabtennis.com\/ca\/wp-json\/wp\/v2\/pages\/5560\/revisions\/5684"}],"wp:attachment":[{"href":"https:\/\/proabtennis.com\/ca\/wp-json\/wp\/v2\/media?parent=5560"}],"curies":[{"name":"wp","href":"https:\/\/api.w.org\/{rel}","templated":true}]}}