{"id":5601,"date":"2022-04-22T12:56:55","date_gmt":"2022-04-22T12:56:55","guid":{"rendered":"http:\/\/proabtennis.com\/tennis-academy\/"},"modified":"2022-04-22T17:58:42","modified_gmt":"2022-04-22T17:58:42","slug":"tennis-academy","status":"publish","type":"page","link":"https:\/\/proabtennis.com\/en\/tennis-academy\/","title":{"rendered":"Tennis academy"},"content":{"rendered":"<section class=\"l-section wpb_row height_huge with_img\"><div class=\"l-section-img\" style=\"background-image: url(https:\/\/proabtennis.com\/wp-content\/uploads\/2020\/12\/jugador-pro-banner.jpg);background-repeat: no-repeat;\" data-img-width=\"1500\" data-img-height=\"700\"><\/div><div class=\"l-section-overlay\" style=\"background:rgba(26,26,26,0.45)\"><\/div><div class=\"l-section-h i-cf\"><div class=\"g-cols vc_row via_flex valign_top type_default stacking_default\"><div class=\"vc_col-sm-8 wpb_column vc_column_container\"><div class=\"vc_column-inner\"><div class=\"wpb_wrapper\"><div class=\"w-separator size_medium\"><\/div>[vc_custom_heading text=&#8221;Training and Development of Professional Players&#8221; google_fonts=&#8221;font_family:Montserrat%3Aregular%2C700|font_style:700%20bold%20regular%3A700%3Anormal&#8221; css=&#8221;%7B%22default%22%3A%7B%22color%22%3A%22%23ffffff%22%2C%22font-size%22%3A%2250px%22%7D%7D&#8221;]<div class=\"wpb_text_column us_custom_6df4bc3a has_text_color\"><div class=\"wpb_wrapper\"><h4 class=\"p1\">The PROAB TEAM tennis Academy, it\u2019s specialized in the training and development of players who aspire to become professionals in the tennis world.<\/h4>\n<\/div><\/div><div class=\"w-btn-wrapper align_none\"><a class=\"w-btn us-btn-style_3\" title=\"Contact\" href=\"https:\/\/proabtennis.com\/en\/contact\/\"><span class=\"w-btn-label\">Get ready for High Competition!<\/span><\/a><\/div><\/div><\/div><\/div><div class=\"vc_col-sm-2 wpb_column vc_column_container\"><div class=\"vc_column-inner\"><div class=\"wpb_wrapper\"><\/div><\/div><\/div><\/div><\/div><\/section><section class=\"l-section wpb_row height_auto with_img\"><div class=\"l-section-img\" style=\"background-image: url(https:\/\/proabtennis.com\/wp-content\/uploads\/2021\/03\/fondo-academia.jpg);background-repeat: no-repeat;\" data-img-width=\"1500\" data-img-height=\"800\"><\/div><div class=\"l-section-h i-cf\"><div class=\"g-cols vc_row via_flex valign_top type_default stacking_default\"><div class=\"vc_col-sm-12 wpb_column vc_column_container\"><div class=\"vc_column-inner us_custom_38ec8cf5\"><div class=\"wpb_wrapper\"><div class=\"w-separator size_medium\"><\/div><div class=\"g-cols wpb_row via_flex valign_top type_default stacking_default\"><div class=\"vc_col-sm-12 wpb_column vc_column_container\"><div class=\"vc_column-inner\"><div class=\"wpb_wrapper\"><div class=\"w-grid type_grid layout_1291 cols_4 no_gap\" id=\"us_grid_1\" data-filterable=\"true\"><style>@media (max-width:1199px){#us_grid_1 .w-grid-item{width:33.3333%}}@media (max-width:899px){#us_grid_1 .w-grid-item{width:50%}}@media (max-width:599px){#us_grid_1 .w-grid-item{width:100%}}.layout_1291 .w-grid-item-h{}.layout_1291 .usg_post_image_1{transition-duration:0.3s;transform-origin:50% 50%;transform:scale(1) translate(0%,0%)}.layout_1291 .w-grid-item-h:hover .usg_post_image_1{transform:scale(1) translate(0%,0%);opacity:1}<\/style><div class=\"w-grid-list\">\t<article class=\"w-grid-item post-1372 attachment type-attachment status-inherit hentry\" data-id=\"1372\">\r\n\t\t<div class=\"w-grid-item-h\">\r\n\t\t\t\t\t\t<div class=\"w-post-elm post_image usg_post_image_1 stretched\"><img width=\"657\" height=\"436\" src=\"https:\/\/proabtennis.com\/wp-content\/uploads\/2021\/03\/carlaok.jpg\" class=\"attachment-large size-large\" alt=\"\" loading=\"lazy\" srcset=\"https:\/\/proabtennis.com\/wp-content\/uploads\/2021\/03\/carlaok.jpg 657w, https:\/\/proabtennis.com\/wp-content\/uploads\/2021\/03\/carlaok-300x199.jpg 300w\" sizes=\"(max-width: 657px) 100vw, 657px\" \/><\/div>\t\t<\/div>\r\n\t<\/article>\r\n\t<article class=\"w-grid-item post-1300 attachment type-attachment status-inherit hentry\" data-id=\"1300\">\r\n\t\t<div class=\"w-grid-item-h\">\r\n\t\t\t\t\t\t<div class=\"w-post-elm post_image usg_post_image_1 stretched\"><img width=\"657\" height=\"436\" src=\"https:\/\/proabtennis.com\/wp-content\/uploads\/2021\/02\/CARBALLES-1-1.jpg\" class=\"attachment-large size-large\" alt=\"\" loading=\"lazy\" srcset=\"https:\/\/proabtennis.com\/wp-content\/uploads\/2021\/02\/CARBALLES-1-1.jpg 657w, https:\/\/proabtennis.com\/wp-content\/uploads\/2021\/02\/CARBALLES-1-1-300x199.jpg 300w\" sizes=\"(max-width: 657px) 100vw, 657px\" \/><\/div>\t\t<\/div>\r\n\t<\/article>\r\n<\/div><div class=\"w-grid-preloader\"><div class=\"g-preloader type_1\">\r\n\t<div><\/div>\r\n<\/div>\r\n<\/div>\t<div class=\"w-grid-json hidden\" onclick='return {&quot;action&quot;:&quot;us_ajax_grid&quot;,&quot;ajax_url&quot;:&quot;https:\\\/\\\/proabtennis.com\\\/wp-admin\\\/admin-ajax.php&quot;,&quot;infinite_scroll&quot;:0,&quot;max_num_pages&quot;:1,&quot;pagination&quot;:&quot;none&quot;,&quot;permalink_url&quot;:&quot;https:\\\/\\\/proabtennis.com\\\/en\\\/wp-json\\\/wp\\\/v2\\\/pages\\\/5601\\\/&quot;,&quot;template_vars&quot;:{&quot;columns&quot;:&quot;4&quot;,&quot;exclude_items&quot;:&quot;none&quot;,&quot;img_size&quot;:&quot;large&quot;,&quot;ignore_items_size&quot;:false,&quot;items_layout&quot;:&quot;1291&quot;,&quot;items_offset&quot;:&quot;1&quot;,&quot;load_animation&quot;:&quot;none&quot;,&quot;overriding_link&quot;:&quot;none&quot;,&quot;post_id&quot;:5601,&quot;query_args&quot;:{&quot;post_type&quot;:[&quot;attachment&quot;],&quot;post__in&quot;:[&quot;1298&quot;,&quot;1370&quot;],&quot;post_status&quot;:&quot;inherit&quot;,&quot;post_mime_type&quot;:&quot;image&quot;,&quot;posts_per_page&quot;:&quot;4&quot;},&quot;orderby_query_args&quot;:{&quot;orderby&quot;:{&quot;title&quot;:&quot;ASC&quot;},&quot;order&quot;:&quot;ASC&quot;},&quot;type&quot;:&quot;grid&quot;,&quot;us_grid_ajax_index&quot;:1,&quot;us_grid_filter_params&quot;:null,&quot;us_grid_index&quot;:1,&quot;_us_grid_post_type&quot;:&quot;attachment&quot;,&quot;lang&quot;:&quot;en&quot;}}'><\/div>\r\n\t<\/div><\/div><\/div><\/div><\/div><div class=\"w-separator size_medium\"><\/div><div class=\"g-cols wpb_row via_flex valign_top type_default stacking_default\"><div class=\"vc_col-sm-1\/5 wpb_column vc_column_container\"><div class=\"vc_column-inner\"><div class=\"wpb_wrapper\"><div class=\"w-iconbox iconpos_top style_default color_custom align_left icontype_img\"><div class=\"w-iconbox-icon\" style=\"font-size:60px;color:#eafa0a;\"><img width=\"60\" height=\"53\" src=\"https:\/\/proabtennis.com\/wp-content\/uploads\/2021\/02\/Mesa-de-trabajo-11.png\" class=\"attachment-full size-full\" alt=\"\" loading=\"lazy\" \/><\/div><div class=\"w-iconbox-meta\"><h4 class=\"w-iconbox-title\">Personalized Tennis Training<\/h4><div class=\"w-iconbox-text\"><p class=\"p1\">We customize the training program for each player based on their characteristics and goals, prioritizing the strengthening of their personal values, which will be essential for their growth and thus be able to get the most out of it.<\/p>\n<\/div><\/div><\/div><\/div><\/div><\/div><div class=\"vc_col-sm-1\/5 wpb_column vc_column_container\"><div class=\"vc_column-inner\"><div class=\"wpb_wrapper\"><div class=\"w-iconbox iconpos_top style_default color_custom align_left icontype_img\"><div class=\"w-iconbox-icon\" style=\"font-size:60px;color:#eafa0a;\"><img width=\"60\" height=\"53\" src=\"https:\/\/proabtennis.com\/wp-content\/uploads\/2021\/02\/Mesa-de-trabajo-11.png\" class=\"attachment-full size-full\" alt=\"\" loading=\"lazy\" \/><\/div><div class=\"w-iconbox-meta\"><h4 class=\"w-iconbox-title\">Individual Physical Program<\/h4><div class=\"w-iconbox-text\"><p>We individualize and customize the physical training for each player, vital for actual tennis, according to the needs and aptitudes.<\/p>\n<\/div><\/div><\/div><\/div><\/div><\/div><div class=\"vc_col-sm-1\/5 wpb_column vc_column_container\"><div class=\"vc_column-inner\"><div class=\"wpb_wrapper\"><div class=\"w-iconbox iconpos_top style_default color_primary align_left icontype_img\"><div class=\"w-iconbox-icon\" style=\"font-size:60px;\"><img width=\"60\" height=\"53\" src=\"https:\/\/proabtennis.com\/wp-content\/uploads\/2021\/02\/Mesa-de-trabajo-11.png\" class=\"attachment-full size-full\" alt=\"\" loading=\"lazy\" \/><\/div><div class=\"w-iconbox-meta\"><h4 class=\"w-iconbox-title\">National &amp; International Tournaments<\/h4><div class=\"w-iconbox-text\"><p class=\"p3\">Follow-up by our coaches at all ATP, WTA and ITF Tournaments, National &amp; International.<\/p>\n<\/div><\/div><\/div><\/div><\/div><\/div><div class=\"vc_col-sm-1\/5 wpb_column vc_column_container\"><div class=\"vc_column-inner\"><div class=\"wpb_wrapper\"><div class=\"w-iconbox iconpos_top style_default color_primary align_left icontype_img\"><div class=\"w-iconbox-icon\" style=\"font-size:60px;\"><img width=\"60\" height=\"53\" src=\"https:\/\/proabtennis.com\/wp-content\/uploads\/2021\/02\/Mesa-de-trabajo-11.png\" class=\"attachment-full size-full\" alt=\"\" loading=\"lazy\" \/><\/div><div class=\"w-iconbox-meta\"><h4 class=\"w-iconbox-title\">High Competition Schedule<\/h4><div class=\"w-iconbox-text\"><p class=\"p1\">The training sessions are structured in the morning, from 9 am to 1 pm and\/or in the afternoon, from 4 pm to 6 pm, tennis and physical training. After training, online school studies with the supervision of specialized teachers.<\/p>\n<\/div><\/div><\/div><\/div><\/div><\/div><div class=\"vc_col-sm-1\/5 wpb_column vc_column_container\"><div class=\"vc_column-inner\"><div class=\"wpb_wrapper\"><div class=\"w-iconbox iconpos_top style_default color_primary align_left icontype_img\"><div class=\"w-iconbox-icon\" style=\"font-size:60px;\"><img width=\"60\" height=\"53\" src=\"https:\/\/proabtennis.com\/wp-content\/uploads\/2021\/02\/Mesa-de-trabajo-11.png\" class=\"attachment-full size-full\" alt=\"\" loading=\"lazy\" \/><\/div><div class=\"w-iconbox-meta\"><h4 class=\"w-iconbox-title\">Our Successes Support Us<\/h4><div class=\"w-iconbox-text\"><p class=\"p1\">We stand out for being an Academy that has achieved very high goals and results for both men and women players. We are backed by eight World Top-100 players.<\/p>\n<\/div><\/div><\/div><\/div><\/div><\/div><\/div><div class=\"g-cols wpb_row via_flex valign_top type_boxes stacking_default\"><div class=\"vc_col-sm-12 wpb_column vc_column_container\"><div class=\"vc_column-inner\"><div class=\"wpb_wrapper\"><div class=\"w-separator size_medium\"><\/div><div class=\"w-btn-wrapper align_center\"><a class=\"w-btn us-btn-style_3\" title=\"Contact\" href=\"https:\/\/proabtennis.com\/en\/contact\/\"><span class=\"w-btn-label\">I want more information<\/span><\/a><\/div><\/div><\/div><\/div><\/div><div class=\"w-separator size_medium\"><\/div><\/div><\/div><\/div><\/div><\/div><\/section><section class=\"l-section wpb_row height_large\"><div class=\"l-section-overlay\" style=\"background:linear-gradient(145deg,#e38b40,#fcfc56)\"><\/div><div class=\"l-section-h i-cf\"><div class=\"g-cols vc_row via_flex valign_top type_default stacking_default\"><div class=\"vc_col-sm-6 wpb_column vc_column_container\"><div class=\"vc_column-inner\"><div class=\"wpb_wrapper\">[vc_custom_heading text=&#8221;We have more than 20 years of experience and 8 TOP-100 Professional Players&#8221; google_fonts=&#8221;font_family:Montserrat%3Aregular%2C700|font_style:700%20bold%20regular%3A700%3Anormal&#8221; css=&#8221;%7B%22default%22%3A%7B%22color%22%3A%22%23ffffff%22%7D%7D&#8221;]<div class=\"wpb_text_column us_custom_6df4bc3a has_text_color\"><div class=\"wpb_wrapper\"><h3 class=\"p1\" style=\"text-align: left;\">Albert Monta\u00f1\u00e9s, Roberto Carball\u00e9s, Carla Su\u00e1rez, Laura Pous and Paula Badosa have achieved the professionalism with us.<\/h3>\n<\/div><\/div><\/div><\/div><\/div><div class=\"vc_col-sm-6 wpb_column vc_column_container\"><div class=\"vc_column-inner\"><div class=\"wpb_wrapper\"><div class=\"w-slider style_none fit_contain\"><div class=\"w-slider-h\"><div class=\"royalSlider\"><div class=\"rsContent\"><a class=\"rsImg\" data-rsw=\"425\" data-rsh=\"594\" href=\"https:\/\/proabtennis.com\/wp-content\/uploads\/2021\/03\/BADOSA4.jpg\"><span data-alt=\"\"><\/span><\/a><img width=\"150\" height=\"150\" src=\"https:\/\/proabtennis.com\/wp-content\/uploads\/2021\/03\/BADOSA4-150x150.jpg\" class=\"rsTmb\" alt=\"\" loading=\"lazy\" \/><\/div><div class=\"rsContent\"><a class=\"rsImg\" data-rsw=\"1549\" data-rsh=\"2048\" href=\"https:\/\/proabtennis.com\/wp-content\/uploads\/2021\/03\/MONTANES_1.jpg\"><span data-alt=\"\"><\/span><\/a><img width=\"150\" height=\"150\" src=\"https:\/\/proabtennis.com\/wp-content\/uploads\/2021\/03\/MONTANES_1-150x150.jpg\" class=\"rsTmb\" alt=\"\" loading=\"lazy\" \/><\/div><div class=\"rsContent\"><a class=\"rsImg\" data-rsw=\"660\" data-rsh=\"330\" href=\"https:\/\/proabtennis.com\/wp-content\/uploads\/2021\/03\/CARBALLES6.jpg\"><span data-alt=\"\"><\/span><\/a><img width=\"150\" height=\"150\" src=\"https:\/\/proabtennis.com\/wp-content\/uploads\/2021\/03\/CARBALLES6-150x150.jpg\" class=\"rsTmb\" alt=\"\" loading=\"lazy\" \/><\/div><div class=\"rsContent\"><a class=\"rsImg\" data-rsw=\"450\" data-rsh=\"300\" href=\"https:\/\/proabtennis.com\/wp-content\/uploads\/2021\/03\/POUS2.jpg\"><span data-alt=\"\"><\/span><\/a><img width=\"150\" height=\"150\" src=\"https:\/\/proabtennis.com\/wp-content\/uploads\/2021\/03\/POUS2-150x150.jpg\" class=\"rsTmb\" alt=\"\" loading=\"lazy\" \/><\/div><div class=\"rsContent\"><a class=\"rsImg\" data-rsw=\"1143\" data-rsh=\"1200\" href=\"https:\/\/proabtennis.com\/wp-content\/uploads\/2021\/03\/CARLA.jpg\"><span data-alt=\"\"><\/span><\/a><img width=\"150\" height=\"150\" src=\"https:\/\/proabtennis.com\/wp-content\/uploads\/2021\/03\/CARLA-150x150.jpg\" class=\"rsTmb\" alt=\"\" loading=\"lazy\" \/><\/div><div class=\"rsContent\"><a class=\"rsImg\" data-rsw=\"924\" data-rsh=\"720\" href=\"https:\/\/proabtennis.com\/wp-content\/uploads\/2021\/05\/DAVID-MARRERO-1.jpg\"><span data-alt=\"\"><\/span><\/a><img width=\"150\" height=\"150\" src=\"https:\/\/proabtennis.com\/wp-content\/uploads\/2021\/05\/DAVID-MARRERO-1-150x150.jpg\" class=\"rsTmb\" alt=\"\" loading=\"lazy\" \/><\/div><div class=\"rsContent\"><a class=\"rsImg\" data-rsw=\"990\" data-rsh=\"557\" href=\"https:\/\/proabtennis.com\/wp-content\/uploads\/2021\/05\/MARCEL-GRANOLLERS.png\"><span data-alt=\"\"><\/span><\/a><img width=\"150\" height=\"150\" src=\"https:\/\/proabtennis.com\/wp-content\/uploads\/2021\/05\/MARCEL-GRANOLLERS-150x150.png\" class=\"rsTmb\" alt=\"\" loading=\"lazy\" \/><\/div><\/div><img src=\"https:\/\/proabtennis.com\/wp-content\/uploads\/2021\/03\/BADOSA4.jpg\" width=\"425\" height=\"594\" alt loading=\"lazy\"><\/div><div class=\"w-slider-json\" onclick='return {&quot;loop&quot;:true,&quot;fadeInLoadedSlide&quot;:false,&quot;slidesSpacing&quot;:0,&quot;imageScalePadding&quot;:0,&quot;numImagesToPreload&quot;:2,&quot;arrowsNav&quot;:false,&quot;arrowsNavAutoHide&quot;:false,&quot;transitionType&quot;:&quot;fade&quot;,&quot;transitionSpeed&quot;:100,&quot;block&quot;:{&quot;moveEffect&quot;:&quot;none&quot;,&quot;speed&quot;:300},&quot;controlNavigation&quot;:&quot;thumbnails&quot;,&quot;autoplay&quot;:{&quot;enabled&quot;:true,&quot;pauseOnHover&quot;:true,&quot;delay&quot;:3000},&quot;imageScaleMode&quot;:&quot;fit&quot;,&quot;autoScaleSlider&quot;:true,&quot;autoScaleSliderWidth&quot;:425,&quot;autoScaleSliderHeight&quot;:594,&quot;fitInViewport&quot;:false}'><\/div><\/div><\/div><\/div><\/div><\/div><\/div><\/section>\n","protected":false},"excerpt":{"rendered":"","protected":false},"author":4,"featured_media":0,"parent":0,"menu_order":0,"comment_status":"closed","ping_status":"closed","template":"","meta":[],"acf":[],"_links":{"self":[{"href":"https:\/\/proabtennis.com\/en\/wp-json\/wp\/v2\/pages\/5601"}],"collection":[{"href":"https:\/\/proabtennis.com\/en\/wp-json\/wp\/v2\/pages"}],"about":[{"href":"https:\/\/proabtennis.com\/en\/wp-json\/wp\/v2\/types\/page"}],"author":[{"embeddable":true,"href":"https:\/\/proabtennis.com\/en\/wp-json\/wp\/v2\/users\/4"}],"replies":[{"embeddable":true,"href":"https:\/\/proabtennis.com\/en\/wp-json\/wp\/v2\/comments?post=5601"}],"version-history":[{"count":5,"href":"https:\/\/proabtennis.com\/en\/wp-json\/wp\/v2\/pages\/5601\/revisions"}],"predecessor-version":[{"id":5690,"href":"https:\/\/proabtennis.com\/en\/wp-json\/wp\/v2\/pages\/5601\/revisions\/5690"}],"wp:attachment":[{"href":"https:\/\/proabtennis.com\/en\/wp-json\/wp\/v2\/media?parent=5601"}],"curies":[{"name":"wp","href":"https:\/\/api.w.org\/{rel}","templated":true}]}}